{"id":3570,"date":"2024-08-24T19:14:04","date_gmt":"2024-08-24T17:14:04","guid":{"rendered":"https:\/\/www.epmm.ch\/michel-muller\/"},"modified":"2025-05-09T14:43:59","modified_gmt":"2025-05-09T12:43:59","slug":"michel-muller","status":"publish","type":"page","link":"https:\/\/www.epmm.ch\/en\/our-teachers\/michel-muller\/","title":{"rendered":"Michel Muller"},"content":{"rendered":"<div class=\"wpb-content-wrapper\"><p>[vc_row][vc_column]<div class=\"columns_wrap sc_columns columns_nofluid sc_columns_count_2 margin_bottom_huge\"><div class=\"column-1_2 sc_column_item sc_column_item_1 odd first\"><figure class=\"sc_image  sc_image_shape_square\"><img decoding=\"async\" src=\"https:\/\/www.epmm.ch\/wp-content\/uploads\/2016\/05\/Michel_Muller_101_1.jpg\" alt=\"\" \/><\/figure>[vc_empty_space]<video class=\"sc_video\" src=\"https:\/\/youtube.com\/embed\/7IaR7EhpK3M\" width=\"100%\" height=\"\" data-width=\"100%\" data-height=\"\" data-ratio=\"16:9\" poster=\"https:\/\/www.epmm.ch\/wp-content\/uploads\/2024\/08\/michel_muller_concert_2.jpg\" data-image=\"https:\/\/www.epmm.ch\/wp-content\/uploads\/2024\/08\/michel_muller_concert_2.jpg\" style=\"width:100%;\" controls=\"controls\" loop=\"loop\"><\/video><div class=\"sc_line sc_line_position_center_center sc_line_style_solid\" style=\"border-top-style:solid;\"><\/div><div class=\"sc_section\" data-animation=\"animated fadeInUp normal\"><div class=\"sc_section_inner\"><div class=\"sc_section_content_wrap\"><h1 class=\"sc_title sc_title_regular margin_top_null margin_bottom_small\">Courses Offered<\/h1><ul class=\"sc_list sc_list_style_iconed right_list margin_bottom_null\" style=\"color:#333745;\" data-animation=\"animated fadeInUp normal\"><li class=\"sc_list_item odd first\" title=\"Piano\"><span class=\"sc_list_icon icon-ok-circle\" style=\"color:#333745;\"><\/span>Piano (children, teenagers, adults)<\/li><li class=\"sc_list_item even\"><span class=\"sc_list_icon icon-ok-circle\" style=\"color:#333745;\"><\/span>Theoretical subjects (harmony and counterpoint)<\/li><li class=\"sc_list_item odd\"><span class=\"sc_list_icon icon-ok-circle\" style=\"color:#333745;\"><\/span>Sight-reading<\/li><li class=\"sc_list_item even\"><span class=\"sc_list_icon icon-ok-circle\" style=\"color:#333745;\"><\/span>Piano accompaniment<\/li><li class=\"sc_list_item odd\"><span class=\"sc_list_icon icon-ok-circle\" style=\"color:#333745;\"><\/span>Chamber music<\/li><li class=\"sc_list_item even\"><span class=\"sc_list_icon icon-ok-circle\" style=\"color:#333745;\"><\/span>Music technology<\/li><\/ul><\/div><\/div><\/div><\/div><div class=\"column-1_2 sc_column_item sc_column_item_2 even\"><h1 class=\"sc_title sc_title_regular margin_top_null\">Michel Muller<\/h1>[vc_column_text]Michel Muller is the founder and director of the piano school.<\/p>\n<p>He has been teaching piano for over 35 years.<\/p>\n<p style=\"text-align: justify;\">He holds a teaching diploma from the Geneva Conservatory of Music (class of S\u00e9bastien Risler), as well as a virtuosity diploma from SSPM-ASMP (class of Edith Murano). He has also taken part in masterclasses with internationally renowned musicians and pedagogues such as <a href=\"http:\/\/en.wikipedia.org\/wiki\/Arbo_Valdma\" target=\"_blank\" rel=\"noopener noreferrer\">Arbo Valdma<\/a>, <a href=\"http:\/\/en.wikipedia.org\/wiki\/Karl_Ulrich_Schnabel\" target=\"_blank\" rel=\"noopener noreferrer\">Karl Ulrich Schnabel<\/a>, <a href=\"http:\/\/fr.wikipedia.org\/wiki\/Dalton_Baldwin\" target=\"_blank\" rel=\"noopener noreferrer\">Dalton Baldwin<\/a>, and William Nabor\u00e9 (with the Menuhin Academy).<\/p>\n<p style=\"text-align: justify;\">He also studied choral and orchestral conducting with Liang-Sheng Chen, Eric Bauer, and <a href=\"https:\/\/musikmph.de\/konrad-von-abel\/biography\/french\/\" target=\"_blank\" rel=\"noopener noreferrer\">Konrad Von Abel<\/a> (a disciple of the great <a href=\"http:\/\/fr.wikipedia.org\/wiki\/Sergiu_Celibidache\" target=\"_blank\" rel=\"noopener noreferrer\">Sergiu Celibidache<\/a>) and has conducted several concerts with various choirs and instrumental ensembles.<\/p>\n<p style=\"text-align: justify;\">In addition, he organizes concerts and events, including the \u201cAcad\u00e9mie Internationale de Piano Arbo Valdma\u201d Festival (Blonay, September 2007 \u2013 Geneva, September 2008), of which he is co-founder and Administrative Director.<\/p>\n<p style=\"text-align: justify;\"><img loading=\"lazy\" decoding=\"async\" class=\"size-full wp-image-1317 aligncenter\" src=\"https:\/\/www.epmm.ch\/wp-content\/uploads\/2022\/08\/michelmuller1.jpg\" alt=\"\" width=\"500\" height=\"302\" srcset=\"https:\/\/www.epmm.ch\/wp-content\/uploads\/2022\/08\/michelmuller1.jpg 500w, https:\/\/www.epmm.ch\/wp-content\/uploads\/2022\/08\/michelmuller1-300x181.jpg 300w\" sizes=\"auto, (max-width: 500px) 100vw, 500px\" \/><\/p>\n<p style=\"text-align: justify;\">In 2010, he founded the Trio Muller with Marc Liardon (violin) and Fabrice Sottas (cello), with whom he regularly performs.<\/p>\n<p style=\"text-align: justify;\">With his rich pedagogical experience, he divides his time between teaching and performing.<\/p>\n<p>[\/vc_column_text]<div class=\"sc_line sc_line_position_center_center sc_line_style_solid\" style=\"border-top-style:solid;\"><\/div><\/div><\/div>[\/vc_column][\/vc_row][vc_row full_width=&#8221;stretch_row_content_no_spaces&#8221;][vc_column]<div class=\"sc_parallax\" data-parallax-speed=\"0.15\" data-parallax-x-pos=\"50%\" data-parallax-y-pos=\"50%\"><div class=\"sc_parallax_content\" style=\"background-image:url(https:\/\/www.epmm.ch\/wp-content\/uploads\/2022\/08\/pianiste_1_2500x931_flou.jpg); background-position:50% 50%;\"><div class=\"sc_content content_wrap margin_top_huge margin_bottom_huge\"><div id=\"sc_testimonials_75068670\" class=\"sc_testimonials sc_testimonials_style_testimonials-1  no_image\" style=\"width:100%;\"><div class=\"sc_slider_swiper swiper-slider-container sc_slider_nopagination sc_slider_controls sc_slider_controls_side\" data-interval=\"6994\" data-slides-min-width=\"250\"><div class=\"slides swiper-wrapper\"><div class=\"swiper-slide\" data-style=\"width:100%;\" style=\"width:100%;\">\t\t\t<div id=\"sc_testimonials_75068670_1\" class=\"sc_testimonial_item\">\n                \t\t\t\t<div class=\"sc_testimonial_content\"><p class=\"margin_bottom_20\">A distinguished pianist, a composer in his spare time, and a born improviser, Michel Muller is a musical architect at the service of music.<\/p>\n<\/div>\n\t\t\t\t\t\t\t\t<div class=\"sc_testimonial_author\"><span class=\"sc_testimonial_author_name\">B\u00e9n\u00e9dicte Dayen<\/span><span class=\"sc_testimonial_author_position\"> \/ Lawyer<\/span><\/div>\n\t\t\t\t\t\t\t<\/div>\n\t\t<\/div><div class=\"swiper-slide\" data-style=\"width:100%;\" style=\"width:100%;\">\t\t\t<div id=\"sc_testimonials_75068670_2\" class=\"sc_testimonial_item\">\n                \t\t\t\t<div class=\"sc_testimonial_content\"><p class=\"margin_bottom_20\">An excellent piano school, which I believe is one of the best that can exist!<\/p>\n<\/div>\n\t\t\t\t\t\t\t\t<div class=\"sc_testimonial_author\"><span class=\"sc_testimonial_author_name\">Luka Philippe<\/span><span class=\"sc_testimonial_author_position\"> \/ College Student<\/span><\/div>\n\t\t\t\t\t\t\t<\/div>\n\t\t<\/div><div class=\"swiper-slide\" data-style=\"width:100%;\" style=\"width:100%;\">\t\t\t<div id=\"sc_testimonials_75068670_3\" class=\"sc_testimonial_item\">\n                \t\t\t\t<div class=\"sc_testimonial_content\"><p class=\"margin_bottom_20\">An excellent pianist himself, he manages to convey his passion and will help you discover music in all its dimensions.<\/p>\n<p class=\"margin_bottom_20\">I can never thank fate enough for putting him on my musical path!<\/p>\n<\/div>\n\t\t\t\t\t\t\t\t<div class=\"sc_testimonial_author\"><span class=\"sc_testimonial_author_name\">Brigitte Wiederkehr <\/span><\/div>\n\t\t\t\t\t\t\t<\/div>\n\t\t<\/div><div class=\"swiper-slide\" data-style=\"width:100%;\" style=\"width:100%;\">\t\t\t<div id=\"sc_testimonials_75068670_4\" class=\"sc_testimonial_item\">\n                \t\t\t\t<div class=\"sc_testimonial_content\"><p class=\"margin_bottom_20\">I have been taking lessons with Mr. Muller for 3 years now, and I am always impressed by the quality and professionalism of his teaching.<\/p>\n<p class=\"margin_bottom_20\">It is a great pleasure to practice the piano with Mr. Muller.<\/p>\n<\/div>\n\t\t\t\t\t\t\t\t<div class=\"sc_testimonial_author\"><span class=\"sc_testimonial_author_name\">Stefan Wiederkehr<\/span><\/div>\n\t\t\t\t\t\t\t<\/div>\n\t\t<\/div><div class=\"swiper-slide\" data-style=\"width:100%;\" style=\"width:100%;\">\t\t\t<div id=\"sc_testimonials_75068670_5\" class=\"sc_testimonial_item\">\n                \t\t\t\t<div class=\"sc_testimonial_content\"><p class=\"margin_bottom_20\">I am delighted with my piano lessons. The lessons always take place in a positive and encouraging atmosphere, and Michel Muller knows how to find the right keys to help us progress on all fronts.<\/p>\n<\/div>\n\t\t\t\t\t\t\t\t<div class=\"sc_testimonial_author\"><span class=\"sc_testimonial_author_name\">Fr\u00e9d\u00e9ric Juillot <\/span><span class=\"sc_testimonial_author_position\"> \/ Private Banking Executive<\/span><\/div>\n\t\t\t\t\t\t\t<\/div>\n\t\t<\/div><div class=\"swiper-slide\" data-style=\"width:100%;\" style=\"width:100%;\">\t\t\t<div id=\"sc_testimonials_75068670_6\" class=\"sc_testimonial_item\">\n                \t\t\t\t<div class=\"sc_testimonial_content\"><p class=\"margin_bottom_20\">Michel Muller's teaching is extremely structured and thorough.<\/p>\n<p class=\"margin_bottom_20\">He is simply an excellent piano teacher!<\/p>\n<\/div>\n\t\t\t\t\t\t\t\t<div class=\"sc_testimonial_author\"><span class=\"sc_testimonial_author_name\">Anita Fischer<\/span><span class=\"sc_testimonial_author_position\"> \/ Teacher at Saussure College<\/span><\/div>\n\t\t\t\t\t\t\t<\/div>\n\t\t<\/div><div class=\"swiper-slide\" data-style=\"width:100%;\" style=\"width:100%;\">\t\t\t<div id=\"sc_testimonials_75068670_7\" class=\"sc_testimonial_item\">\n                \t\t\t\t<div class=\"sc_testimonial_content\"><p>Les le\u00e7ons avec Michel Muller sont stimulantes et tr\u00e8s ludiques.<\/p>\n<p>Sa passion pour la musique et le piano stimule\u00a0l\u2019int\u00e9r\u00eat pour la d\u00e9couverte.<\/p>\n<\/div>\n\t\t\t\t\t\t\t\t<div class=\"sc_testimonial_author\"><span class=\"sc_testimonial_author_name\">John Curran<\/span><span class=\"sc_testimonial_author_position\"> \/ Lawyer<\/span><\/div>\n\t\t\t\t\t\t\t<\/div>\n\t\t<\/div><\/div><div class=\"sc_slider_controls_wrap\"><a class=\"sc_slider_prev\" href=\"#\"><\/a><a class=\"sc_slider_next\" href=\"#\"><\/a><\/div><div class=\"sc_slider_pagination_wrap\"><\/div><\/div><\/div><\/div><\/div><\/div>[\/vc_column][\/vc_row][vc_row][vc_column css=&#8221;.vc_custom_1570192611818{padding-top: 4.45rem !important;}&#8221;]<div class=\"sc_section aligncenter\" style=\"max-width: 770px;\"><div class=\"sc_section_inner\"><div class=\"sc_section_content_wrap\"><h1 class=\"sc_title sc_title_regular sc_align_center margin_bottom_large\" style=\"text-align:center;\">Send a Message to Michel Muller<\/h1>\n<div class=\"wpcf7 no-js\" id=\"wpcf7-f2470-o1\" lang=\"en-US\" dir=\"ltr\" data-wpcf7-id=\"2470\">\n<div class=\"screen-reader-response\"><p role=\"status\" aria-live=\"polite\" aria-atomic=\"true\"><\/p> <ul><\/ul><\/div>\n<form action=\"\/en\/wp-json\/wp\/v2\/pages\/3570#wpcf7-f2470-o1\" method=\"post\" class=\"wpcf7-form init\" aria-label=\"Contact form\" novalidate=\"novalidate\" data-status=\"init\">\n<fieldset class=\"hidden-fields-container\"><input type=\"hidden\" name=\"_wpcf7\" value=\"2470\" \/><input type=\"hidden\" name=\"_wpcf7_version\" value=\"6.1.4\" \/><input type=\"hidden\" name=\"_wpcf7_locale\" value=\"en_US\" \/><input type=\"hidden\" name=\"_wpcf7_unit_tag\" value=\"wpcf7-f2470-o1\" \/><input type=\"hidden\" name=\"_wpcf7_container_post\" value=\"0\" \/><input type=\"hidden\" name=\"_wpcf7_posted_data_hash\" value=\"\" \/>\n<\/fieldset>\n<div class=\"box_out_color\">\n\t<div class=\"flex\">\n\t\t<div class='itm row' >\n\t\t\t<p><span class=\"wpcf7-form-control-wrap\" data-name=\"nom\"><input size=\"40\" maxlength=\"400\" class=\"wpcf7-form-control wpcf7-text wpcf7-validates-as-required\" aria-required=\"true\" aria-invalid=\"false\" placeholder=\"nom*\" value=\"\" type=\"text\" name=\"nom\" \/><\/span>\n\t\t\t<\/p>\n\t\t<\/div>\n\t\t<div class='itm row'>\n\t\t\t<p><span class=\"wpcf7-form-control-wrap\" data-name=\"sujet\"><input size=\"40\" maxlength=\"400\" class=\"wpcf7-form-control wpcf7-text\" aria-invalid=\"false\" placeholder=\"sujet\" value=\"\" type=\"text\" name=\"sujet\" \/><\/span>\n\t\t\t<\/p>\n\t\t<\/div>\n\t<\/div>\n\t<div class=\"flex\">\n\t\t<div class='row'>\n\t\t\t<p><span class=\"wpcf7-form-control-wrap\" data-name=\"e-mail\"><input size=\"40\" maxlength=\"400\" class=\"wpcf7-form-control wpcf7-email wpcf7-validates-as-required wpcf7-text wpcf7-validates-as-email\" aria-required=\"true\" aria-invalid=\"false\" placeholder=\"e-mail*\" value=\"\" type=\"email\" name=\"e-mail\" \/><\/span>\n\t\t\t<\/p>\n\t\t<\/div>\n\t\t<div class='row'>\n\t\t\t<p><span class=\"wpcf7-form-control-wrap\" data-name=\"tel\"><input size=\"40\" maxlength=\"400\" class=\"wpcf7-form-control wpcf7-text\" aria-invalid=\"false\" placeholder=\"t\u00e9l\u00e9phone\" value=\"\" type=\"text\" name=\"tel\" \/><\/span>\n\t\t\t<\/p>\n\t\t<\/div>\n\t<\/div>\n\t<div class=''>\n\t\t<p><span class=\"wpcf7-form-control-wrap\" data-name=\"message\"><textarea cols=\"40\" rows=\"10\" maxlength=\"2000\" class=\"wpcf7-form-control wpcf7-textarea wpcf7-validates-as-required\" aria-required=\"true\" aria-invalid=\"false\" placeholder=\"message*\" name=\"message\"><\/textarea><\/span>\n\t\t<\/p>\n\t<\/div>\n\t<div class=\"flex\" text-align: center;>\n\t\t<div style=\"width: auto; padding: 0 25% 0 25%;\" >\n\t\t\t<p style=\"text-align: center;\" ><input type=\"hidden\" name=\"_wpcf7_captcha_challenge_captcha-8762\" value=\"2253231237\" \/><img loading=\"lazy\" decoding=\"async\" class=\"wpcf7-form-control wpcf7-captchac wpcf7-captcha-captcha-8762\" width=\"84\" height=\"28\" alt=\"captcha\" src=\"https:\/\/www.epmm.ch\/wp-content\/uploads\/wpcf7_captcha\/2253231237.png\" \/><span class=\"wpcf7-form-control-wrap\" data-name=\"captcha-8762\"><input size=\"40\" class=\"wpcf7-form-control wpcf7-captchar\" autocomplete=\"off\" aria-invalid=\"false\" placeholder=\"Veuillez saisir le code\" value=\"\" type=\"text\" name=\"captcha-8762\" \/><\/span>\n\t\t\t<\/p>\n\t\t<\/div>\n\t\t<div class='row'>\n\t\t<\/div>\n\t<\/div>\n\t<div class=\"sc_form_field sc_form_field_button sc_form_field_submit\">\n\t\t<p><input class=\"wpcf7-form-control wpcf7-submit has-spinner\" type=\"submit\" value=\"Send\" \/>\n\t\t<\/p>\n\t<\/div>\n<\/div><p style=\"display: none !important;\" class=\"akismet-fields-container\" data-prefix=\"_wpcf7_ak_\"><label>&#916;<textarea name=\"_wpcf7_ak_hp_textarea\" cols=\"45\" rows=\"8\" maxlength=\"100\"><\/textarea><\/label><input type=\"hidden\" id=\"ak_js_1\" name=\"_wpcf7_ak_js\" value=\"52\"\/><script>document.getElementById( \"ak_js_1\" ).setAttribute( \"value\", ( new Date() ).getTime() );<\/script><\/p><div class=\"wpcf7-response-output\" aria-hidden=\"true\"><\/div>\n<\/form>\n<\/div>\n<\/div><\/div><\/div>[\/vc_column][\/vc_row]<\/p>\n<\/div>","protected":false},"excerpt":{"rendered":"<p>[vc_row][vc_column][\/vc_column][\/vc_row][vc_row full_width=&#8221;stretch_row_content_no_spaces&#8221;][vc_column][\/vc_column][\/vc_row][vc_row][vc_column css=&#8221;.vc_custom_1570192611818{padding-top: 4.45rem !important;}&#8221;][\/vc_column][\/vc_row]<\/p>\n","protected":false},"author":1,"featured_media":3381,"parent":3580,"menu_order":0,"comment_status":"closed","ping_status":"closed","template":"","meta":{"cybocfi_hide_featured_image":"","footnotes":""},"class_list":["post-3570","page","type-page","status-publish","has-post-thumbnail","hentry"],"yoast_head":"<!-- This site is optimized with the Yoast SEO Premium plugin v19.2.1 (Yoast SEO v26.6) - https:\/\/yoast.com\/wordpress\/plugins\/seo\/ -->\n<title>Michel Muller - ECOLE DE PIANO MICHEL MULLER<\/title>\n<meta name=\"robots\" content=\"index, follow, max-snippet:-1, max-image-preview:large, max-video-preview:-1\" \/>\n<link rel=\"canonical\" href=\"https:\/\/www.epmm.ch\/en\/our-teachers\/michel-muller\/\" \/>\n<meta property=\"og:locale\" content=\"en_US\" \/>\n<meta property=\"og:type\" content=\"article\" \/>\n<meta property=\"og:title\" content=\"Michel Muller\" \/>\n<meta property=\"og:description\" content=\"[vc_row][vc_column][\/vc_column][\/vc_row][vc_row full_width=&#8221;stretch_row_content_no_spaces&#8221;][vc_column][\/vc_column][\/vc_row][vc_row][vc_column css=&#8221;.vc_custom_1570192611818{padding-top: 4.45rem !important;}&#8221;][\/vc_column][\/vc_row]\" \/>\n<meta property=\"og:url\" content=\"https:\/\/www.epmm.ch\/en\/our-teachers\/michel-muller\/\" \/>\n<meta property=\"og:site_name\" content=\"ECOLE DE PIANO MICHEL MULLER\" \/>\n<meta property=\"article:modified_time\" content=\"2025-05-09T12:43:59+00:00\" \/>\n<meta property=\"og:image\" content=\"https:\/\/www.epmm.ch\/wp-content\/uploads\/2024\/08\/michel_muller_003_1000x1000.jpg\" \/>\n\t<meta property=\"og:image:width\" content=\"1000\" \/>\n\t<meta property=\"og:image:height\" content=\"1000\" \/>\n\t<meta property=\"og:image:type\" content=\"image\/jpeg\" \/>\n<meta name=\"twitter:card\" content=\"summary_large_image\" \/>\n<meta name=\"twitter:label1\" content=\"Est. reading time\" \/>\n\t<meta name=\"twitter:data1\" content=\"2 minutes\" \/>\n<script type=\"application\/ld+json\" class=\"yoast-schema-graph\">{\"@context\":\"https:\/\/schema.org\",\"@graph\":[{\"@type\":\"WebPage\",\"@id\":\"https:\/\/www.epmm.ch\/en\/our-teachers\/michel-muller\/\",\"url\":\"https:\/\/www.epmm.ch\/en\/our-teachers\/michel-muller\/\",\"name\":\"Michel Muller - ECOLE DE PIANO MICHEL MULLER\",\"isPartOf\":{\"@id\":\"https:\/\/www.epmm.ch\/#website\"},\"primaryImageOfPage\":{\"@id\":\"https:\/\/www.epmm.ch\/en\/our-teachers\/michel-muller\/#primaryimage\"},\"image\":{\"@id\":\"https:\/\/www.epmm.ch\/en\/our-teachers\/michel-muller\/#primaryimage\"},\"thumbnailUrl\":\"https:\/\/www.epmm.ch\/wp-content\/uploads\/2024\/08\/michel_muller_003_1000x1000.jpg\",\"datePublished\":\"2024-08-24T17:14:04+00:00\",\"dateModified\":\"2025-05-09T12:43:59+00:00\",\"breadcrumb\":{\"@id\":\"https:\/\/www.epmm.ch\/en\/our-teachers\/michel-muller\/#breadcrumb\"},\"inLanguage\":\"en-US\",\"potentialAction\":[{\"@type\":\"ReadAction\",\"target\":[\"https:\/\/www.epmm.ch\/en\/our-teachers\/michel-muller\/\"]}]},{\"@type\":\"ImageObject\",\"inLanguage\":\"en-US\",\"@id\":\"https:\/\/www.epmm.ch\/en\/our-teachers\/michel-muller\/#primaryimage\",\"url\":\"https:\/\/www.epmm.ch\/wp-content\/uploads\/2024\/08\/michel_muller_003_1000x1000.jpg\",\"contentUrl\":\"https:\/\/www.epmm.ch\/wp-content\/uploads\/2024\/08\/michel_muller_003_1000x1000.jpg\",\"width\":1000,\"height\":1000},{\"@type\":\"BreadcrumbList\",\"@id\":\"https:\/\/www.epmm.ch\/en\/our-teachers\/michel-muller\/#breadcrumb\",\"itemListElement\":[{\"@type\":\"ListItem\",\"position\":1,\"name\":\"Accueil\",\"item\":\"https:\/\/www.epmm.ch\/en\/\"},{\"@type\":\"ListItem\",\"position\":2,\"name\":\"Our Teachers\",\"item\":\"https:\/\/www.epmm.ch\/en\/our-teachers\/\"},{\"@type\":\"ListItem\",\"position\":3,\"name\":\"Michel Muller\"}]},{\"@type\":\"WebSite\",\"@id\":\"https:\/\/www.epmm.ch\/#website\",\"url\":\"https:\/\/www.epmm.ch\/\",\"name\":\"ECOLE DE PIANO MICHEL MULLER\",\"description\":\"\",\"publisher\":{\"@id\":\"https:\/\/www.epmm.ch\/#organization\"},\"potentialAction\":[{\"@type\":\"SearchAction\",\"target\":{\"@type\":\"EntryPoint\",\"urlTemplate\":\"https:\/\/www.epmm.ch\/?s={search_term_string}\"},\"query-input\":{\"@type\":\"PropertyValueSpecification\",\"valueRequired\":true,\"valueName\":\"search_term_string\"}}],\"inLanguage\":\"en-US\"},{\"@type\":\"Organization\",\"@id\":\"https:\/\/www.epmm.ch\/#organization\",\"name\":\"ECOLE DE PIANO MICHEL MULLER\",\"url\":\"https:\/\/www.epmm.ch\/\",\"logo\":{\"@type\":\"ImageObject\",\"inLanguage\":\"en-US\",\"@id\":\"https:\/\/www.epmm.ch\/#\/schema\/logo\/image\/\",\"url\":\"https:\/\/www.epmm.ch\/wp-content\/uploads\/2022\/08\/EPMM_logo_contour_0_75_1000.jpg\",\"contentUrl\":\"https:\/\/www.epmm.ch\/wp-content\/uploads\/2022\/08\/EPMM_logo_contour_0_75_1000.jpg\",\"width\":1000,\"height\":269,\"caption\":\"ECOLE DE PIANO MICHEL MULLER\"},\"image\":{\"@id\":\"https:\/\/www.epmm.ch\/#\/schema\/logo\/image\/\"}}]}<\/script>\n<!-- \/ Yoast SEO Premium plugin. -->","yoast_head_json":{"title":"Michel Muller - ECOLE DE PIANO MICHEL MULLER","robots":{"index":"index","follow":"follow","max-snippet":"max-snippet:-1","max-image-preview":"max-image-preview:large","max-video-preview":"max-video-preview:-1"},"canonical":"https:\/\/www.epmm.ch\/en\/our-teachers\/michel-muller\/","og_locale":"en_US","og_type":"article","og_title":"Michel Muller","og_description":"[vc_row][vc_column][\/vc_column][\/vc_row][vc_row full_width=&#8221;stretch_row_content_no_spaces&#8221;][vc_column][\/vc_column][\/vc_row][vc_row][vc_column css=&#8221;.vc_custom_1570192611818{padding-top: 4.45rem !important;}&#8221;][\/vc_column][\/vc_row]","og_url":"https:\/\/www.epmm.ch\/en\/our-teachers\/michel-muller\/","og_site_name":"ECOLE DE PIANO MICHEL MULLER","article_modified_time":"2025-05-09T12:43:59+00:00","og_image":[{"width":1000,"height":1000,"url":"https:\/\/www.epmm.ch\/wp-content\/uploads\/2024\/08\/michel_muller_003_1000x1000.jpg","type":"image\/jpeg"}],"twitter_card":"summary_large_image","twitter_misc":{"Est. reading time":"2 minutes"},"schema":{"@context":"https:\/\/schema.org","@graph":[{"@type":"WebPage","@id":"https:\/\/www.epmm.ch\/en\/our-teachers\/michel-muller\/","url":"https:\/\/www.epmm.ch\/en\/our-teachers\/michel-muller\/","name":"Michel Muller - ECOLE DE PIANO MICHEL MULLER","isPartOf":{"@id":"https:\/\/www.epmm.ch\/#website"},"primaryImageOfPage":{"@id":"https:\/\/www.epmm.ch\/en\/our-teachers\/michel-muller\/#primaryimage"},"image":{"@id":"https:\/\/www.epmm.ch\/en\/our-teachers\/michel-muller\/#primaryimage"},"thumbnailUrl":"https:\/\/www.epmm.ch\/wp-content\/uploads\/2024\/08\/michel_muller_003_1000x1000.jpg","datePublished":"2024-08-24T17:14:04+00:00","dateModified":"2025-05-09T12:43:59+00:00","breadcrumb":{"@id":"https:\/\/www.epmm.ch\/en\/our-teachers\/michel-muller\/#breadcrumb"},"inLanguage":"en-US","potentialAction":[{"@type":"ReadAction","target":["https:\/\/www.epmm.ch\/en\/our-teachers\/michel-muller\/"]}]},{"@type":"ImageObject","inLanguage":"en-US","@id":"https:\/\/www.epmm.ch\/en\/our-teachers\/michel-muller\/#primaryimage","url":"https:\/\/www.epmm.ch\/wp-content\/uploads\/2024\/08\/michel_muller_003_1000x1000.jpg","contentUrl":"https:\/\/www.epmm.ch\/wp-content\/uploads\/2024\/08\/michel_muller_003_1000x1000.jpg","width":1000,"height":1000},{"@type":"BreadcrumbList","@id":"https:\/\/www.epmm.ch\/en\/our-teachers\/michel-muller\/#breadcrumb","itemListElement":[{"@type":"ListItem","position":1,"name":"Accueil","item":"https:\/\/www.epmm.ch\/en\/"},{"@type":"ListItem","position":2,"name":"Our Teachers","item":"https:\/\/www.epmm.ch\/en\/our-teachers\/"},{"@type":"ListItem","position":3,"name":"Michel Muller"}]},{"@type":"WebSite","@id":"https:\/\/www.epmm.ch\/#website","url":"https:\/\/www.epmm.ch\/","name":"ECOLE DE PIANO MICHEL MULLER","description":"","publisher":{"@id":"https:\/\/www.epmm.ch\/#organization"},"potentialAction":[{"@type":"SearchAction","target":{"@type":"EntryPoint","urlTemplate":"https:\/\/www.epmm.ch\/?s={search_term_string}"},"query-input":{"@type":"PropertyValueSpecification","valueRequired":true,"valueName":"search_term_string"}}],"inLanguage":"en-US"},{"@type":"Organization","@id":"https:\/\/www.epmm.ch\/#organization","name":"ECOLE DE PIANO MICHEL MULLER","url":"https:\/\/www.epmm.ch\/","logo":{"@type":"ImageObject","inLanguage":"en-US","@id":"https:\/\/www.epmm.ch\/#\/schema\/logo\/image\/","url":"https:\/\/www.epmm.ch\/wp-content\/uploads\/2022\/08\/EPMM_logo_contour_0_75_1000.jpg","contentUrl":"https:\/\/www.epmm.ch\/wp-content\/uploads\/2022\/08\/EPMM_logo_contour_0_75_1000.jpg","width":1000,"height":269,"caption":"ECOLE DE PIANO MICHEL MULLER"},"image":{"@id":"https:\/\/www.epmm.ch\/#\/schema\/logo\/image\/"}}]}},"_links":{"self":[{"href":"https:\/\/www.epmm.ch\/en\/wp-json\/wp\/v2\/pages\/3570","targetHints":{"allow":["GET"]}}],"collection":[{"href":"https:\/\/www.epmm.ch\/en\/wp-json\/wp\/v2\/pages"}],"about":[{"href":"https:\/\/www.epmm.ch\/en\/wp-json\/wp\/v2\/types\/page"}],"author":[{"embeddable":true,"href":"https:\/\/www.epmm.ch\/en\/wp-json\/wp\/v2\/users\/1"}],"replies":[{"embeddable":true,"href":"https:\/\/www.epmm.ch\/en\/wp-json\/wp\/v2\/comments?post=3570"}],"version-history":[{"count":1,"href":"https:\/\/www.epmm.ch\/en\/wp-json\/wp\/v2\/pages\/3570\/revisions"}],"predecessor-version":[{"id":3576,"href":"https:\/\/www.epmm.ch\/en\/wp-json\/wp\/v2\/pages\/3570\/revisions\/3576"}],"up":[{"embeddable":true,"href":"https:\/\/www.epmm.ch\/en\/wp-json\/wp\/v2\/pages\/3580"}],"wp:featuredmedia":[{"embeddable":true,"href":"https:\/\/www.epmm.ch\/en\/wp-json\/wp\/v2\/media\/3381"}],"wp:attachment":[{"href":"https:\/\/www.epmm.ch\/en\/wp-json\/wp\/v2\/media?parent=3570"}],"curies":[{"name":"wp","href":"https:\/\/api.w.org\/{rel}","templated":true}]}}