{"id":3569,"date":"2024-08-24T18:58:00","date_gmt":"2024-08-24T16:58:00","guid":{"rendered":"https:\/\/www.epmm.ch\/roberta-michela\/"},"modified":"2025-05-09T14:44:40","modified_gmt":"2025-05-09T12:44:40","slug":"roberta-michela","status":"publish","type":"page","link":"https:\/\/www.epmm.ch\/en\/our-teachers\/roberta-michela\/","title":{"rendered":"Roberta Michela"},"content":{"rendered":"<div class=\"wpb-content-wrapper\"><p>[vc_row][vc_column]<div class=\"columns_wrap sc_columns columns_nofluid sc_columns_count_2 margin_bottom_huge\"><div class=\"column-1_2 sc_column_item sc_column_item_1 odd first\"><figure class=\"sc_image  sc_image_shape_square\"><img decoding=\"async\" src=\"https:\/\/www.epmm.ch\/wp-content\/uploads\/2024\/08\/Roberta_Michela_1.jpg\" alt=\"\" \/><\/figure>[vc_empty_space]<video class=\"sc_video\" src=\"https:\/\/youtube.com\/embed\/08Z_ac4FxiI\" width=\"100%\" height=\"\" data-width=\"100%\" data-height=\"\" data-ratio=\"16:9\" poster=\"https:\/\/www.epmm.ch\/wp-content\/uploads\/2024\/08\/image_video.jpg\" data-image=\"https:\/\/www.epmm.ch\/wp-content\/uploads\/2024\/08\/image_video.jpg\" style=\"width:100%;\" controls=\"controls\" loop=\"loop\"><\/video><div class=\"sc_line sc_line_position_center_center sc_line_style_solid\" style=\"border-top-style:solid;\"><\/div><div class=\"sc_section\" data-animation=\"animated fadeInUp normal\"><div class=\"sc_section_inner\"><div class=\"sc_section_content_wrap\"><h1 class=\"sc_title sc_title_regular margin_top_null margin_bottom_small\">Courses Offered<\/h1><ul class=\"sc_list sc_list_style_iconed right_list margin_bottom_null\" style=\"color:#333745;\" data-animation=\"animated fadeInUp normal\"><li class=\"sc_list_item odd first\" title=\"Piano\"><span class=\"sc_list_icon icon-ok-circle\" style=\"color:#333745;\"><\/span>Piano (children, teenagers, adults)<\/li><\/ul><\/div><\/div><\/div><\/div><div class=\"column-1_2 sc_column_item sc_column_item_2 even\"><h1 class=\"sc_title sc_title_regular margin_top_null\">Roberta Michela<\/h1>[vc_column_text]Roberta Michela has been passionate about the piano since early childhood. She completed her training at the Sion Cantonal Conservatory with highest honors under Barbara Borse and Mateo Creux. She then earned her Bachelor of Arts and a Master\u2019s degree in instrumental pedagogy at the Haute \u00e9cole de musique de Gen\u00e8ve in the class of Sylviane Deferne. She is currently pursuing a Master\u2019s in performance under Louis Schwizgebel.<\/p>\n<p><img loading=\"lazy\" decoding=\"async\" class=\"alignright wp-image-3415\" src=\"https:\/\/www.epmm.ch\/wp-content\/uploads\/2024\/08\/Roberta_Michela_2-252x300.jpg\" alt=\"\" width=\"150\" height=\"179\" srcset=\"https:\/\/www.epmm.ch\/wp-content\/uploads\/2024\/08\/Roberta_Michela_2-252x300.jpg 252w, https:\/\/www.epmm.ch\/wp-content\/uploads\/2024\/08\/Roberta_Michela_2-600x715.jpg 600w, https:\/\/www.epmm.ch\/wp-content\/uploads\/2024\/08\/Roberta_Michela_2-859x1024.jpg 859w, https:\/\/www.epmm.ch\/wp-content\/uploads\/2024\/08\/Roberta_Michela_2-768x916.jpg 768w, https:\/\/www.epmm.ch\/wp-content\/uploads\/2024\/08\/Roberta_Michela_2-1288x1536.jpg 1288w, https:\/\/www.epmm.ch\/wp-content\/uploads\/2024\/08\/Roberta_Michela_2.jpg 1342w\" sizes=\"auto, (max-width: 150px) 100vw, 150px\" \/>Laureate of several competitions such as the Swiss Youth Music Competition and the Riviera Competition, she was awarded the Wilsdorf Foundation\u2019s Excellence scholarship in 2022 and has received guidance from renowned professors including Christian Favre, Edith Fischer, Fran\u00e7ois Fr\u00e9d\u00e9ric Guy, Pascal Godart, and Brigitte Bouthinon-Dumas.<\/p>\n<p>She has performed throughout French-speaking Switzerland as a soloist, in four-hand duos, and in trios. Passionate about singing, which she has also practiced since childhood, she regularly collaborates with vocal ensembles and enjoys exploring the Lied repertoire, which she particularly loves.<\/p>\n<p>Driven by a strong desire to share her knowledge, Roberta has been teaching piano to students of all ages since the age of 18. She has also worked as a substitute teacher at the Sion Cantonal Conservatory, the Geneva Conservatory of Music, and the Montessori Aquilae School in Geneva. Her teaching approach focuses on developing listening skills and musical expressiveness from the very first lessons, helping students discover the sonic possibilities of the instrument, awaken their curiosity, and explore the expressive dimension of music.[\/vc_column_text]<div class=\"sc_line sc_line_position_center_center sc_line_style_solid\" style=\"border-top-style:solid;\"><\/div><\/div><\/div>[\/vc_column][\/vc_row]<\/p>\n<\/div>","protected":false},"excerpt":{"rendered":"<p>[vc_row][vc_column][\/vc_column][\/vc_row]<\/p>\n","protected":false},"author":1,"featured_media":3370,"parent":3580,"menu_order":0,"comment_status":"closed","ping_status":"closed","template":"","meta":{"cybocfi_hide_featured_image":"","footnotes":""},"class_list":["post-3569","page","type-page","status-publish","has-post-thumbnail","hentry"],"yoast_head":"<!-- This site is optimized with the Yoast SEO Premium plugin v19.2.1 (Yoast SEO v26.6) - https:\/\/yoast.com\/wordpress\/plugins\/seo\/ -->\n<title>Roberta Michela - ECOLE DE PIANO MICHEL MULLER<\/title>\n<meta name=\"robots\" content=\"index, follow, max-snippet:-1, max-image-preview:large, max-video-preview:-1\" \/>\n<link rel=\"canonical\" href=\"https:\/\/www.epmm.ch\/en\/our-teachers\/roberta-michela\/\" \/>\n<meta property=\"og:locale\" content=\"en_US\" \/>\n<meta property=\"og:type\" content=\"article\" \/>\n<meta property=\"og:title\" content=\"Roberta Michela\" \/>\n<meta property=\"og:description\" content=\"[vc_row][vc_column][\/vc_column][\/vc_row]\" \/>\n<meta property=\"og:url\" content=\"https:\/\/www.epmm.ch\/en\/our-teachers\/roberta-michela\/\" \/>\n<meta property=\"og:site_name\" content=\"ECOLE DE PIANO MICHEL MULLER\" \/>\n<meta property=\"article:modified_time\" content=\"2025-05-09T12:44:40+00:00\" \/>\n<meta property=\"og:image\" content=\"https:\/\/www.epmm.ch\/wp-content\/uploads\/2024\/08\/Photo-Roberta-Michela_portrait_1.jpg\" \/>\n\t<meta property=\"og:image:width\" content=\"964\" \/>\n\t<meta property=\"og:image:height\" content=\"1117\" \/>\n\t<meta property=\"og:image:type\" content=\"image\/jpeg\" \/>\n<meta name=\"twitter:card\" content=\"summary_large_image\" \/>\n<meta name=\"twitter:label1\" content=\"Est. reading time\" \/>\n\t<meta name=\"twitter:data1\" content=\"2 minutes\" \/>\n<script type=\"application\/ld+json\" class=\"yoast-schema-graph\">{\"@context\":\"https:\/\/schema.org\",\"@graph\":[{\"@type\":\"WebPage\",\"@id\":\"https:\/\/www.epmm.ch\/en\/our-teachers\/roberta-michela\/\",\"url\":\"https:\/\/www.epmm.ch\/en\/our-teachers\/roberta-michela\/\",\"name\":\"Roberta Michela - ECOLE DE PIANO MICHEL MULLER\",\"isPartOf\":{\"@id\":\"https:\/\/www.epmm.ch\/#website\"},\"primaryImageOfPage\":{\"@id\":\"https:\/\/www.epmm.ch\/en\/our-teachers\/roberta-michela\/#primaryimage\"},\"image\":{\"@id\":\"https:\/\/www.epmm.ch\/en\/our-teachers\/roberta-michela\/#primaryimage\"},\"thumbnailUrl\":\"https:\/\/www.epmm.ch\/wp-content\/uploads\/2024\/08\/Photo-Roberta-Michela_portrait_1.jpg\",\"datePublished\":\"2024-08-24T16:58:00+00:00\",\"dateModified\":\"2025-05-09T12:44:40+00:00\",\"breadcrumb\":{\"@id\":\"https:\/\/www.epmm.ch\/en\/our-teachers\/roberta-michela\/#breadcrumb\"},\"inLanguage\":\"en-US\",\"potentialAction\":[{\"@type\":\"ReadAction\",\"target\":[\"https:\/\/www.epmm.ch\/en\/our-teachers\/roberta-michela\/\"]}]},{\"@type\":\"ImageObject\",\"inLanguage\":\"en-US\",\"@id\":\"https:\/\/www.epmm.ch\/en\/our-teachers\/roberta-michela\/#primaryimage\",\"url\":\"https:\/\/www.epmm.ch\/wp-content\/uploads\/2024\/08\/Photo-Roberta-Michela_portrait_1.jpg\",\"contentUrl\":\"https:\/\/www.epmm.ch\/wp-content\/uploads\/2024\/08\/Photo-Roberta-Michela_portrait_1.jpg\",\"width\":964,\"height\":1117},{\"@type\":\"BreadcrumbList\",\"@id\":\"https:\/\/www.epmm.ch\/en\/our-teachers\/roberta-michela\/#breadcrumb\",\"itemListElement\":[{\"@type\":\"ListItem\",\"position\":1,\"name\":\"Accueil\",\"item\":\"https:\/\/www.epmm.ch\/en\/\"},{\"@type\":\"ListItem\",\"position\":2,\"name\":\"Our Teachers\",\"item\":\"https:\/\/www.epmm.ch\/en\/our-teachers\/\"},{\"@type\":\"ListItem\",\"position\":3,\"name\":\"Roberta Michela\"}]},{\"@type\":\"WebSite\",\"@id\":\"https:\/\/www.epmm.ch\/#website\",\"url\":\"https:\/\/www.epmm.ch\/\",\"name\":\"ECOLE DE PIANO MICHEL MULLER\",\"description\":\"\",\"publisher\":{\"@id\":\"https:\/\/www.epmm.ch\/#organization\"},\"potentialAction\":[{\"@type\":\"SearchAction\",\"target\":{\"@type\":\"EntryPoint\",\"urlTemplate\":\"https:\/\/www.epmm.ch\/?s={search_term_string}\"},\"query-input\":{\"@type\":\"PropertyValueSpecification\",\"valueRequired\":true,\"valueName\":\"search_term_string\"}}],\"inLanguage\":\"en-US\"},{\"@type\":\"Organization\",\"@id\":\"https:\/\/www.epmm.ch\/#organization\",\"name\":\"ECOLE DE PIANO MICHEL MULLER\",\"url\":\"https:\/\/www.epmm.ch\/\",\"logo\":{\"@type\":\"ImageObject\",\"inLanguage\":\"en-US\",\"@id\":\"https:\/\/www.epmm.ch\/#\/schema\/logo\/image\/\",\"url\":\"https:\/\/www.epmm.ch\/wp-content\/uploads\/2022\/08\/EPMM_logo_contour_0_75_1000.jpg\",\"contentUrl\":\"https:\/\/www.epmm.ch\/wp-content\/uploads\/2022\/08\/EPMM_logo_contour_0_75_1000.jpg\",\"width\":1000,\"height\":269,\"caption\":\"ECOLE DE PIANO MICHEL MULLER\"},\"image\":{\"@id\":\"https:\/\/www.epmm.ch\/#\/schema\/logo\/image\/\"}}]}<\/script>\n<!-- \/ Yoast SEO Premium plugin. -->","yoast_head_json":{"title":"Roberta Michela - ECOLE DE PIANO MICHEL MULLER","robots":{"index":"index","follow":"follow","max-snippet":"max-snippet:-1","max-image-preview":"max-image-preview:large","max-video-preview":"max-video-preview:-1"},"canonical":"https:\/\/www.epmm.ch\/en\/our-teachers\/roberta-michela\/","og_locale":"en_US","og_type":"article","og_title":"Roberta Michela","og_description":"[vc_row][vc_column][\/vc_column][\/vc_row]","og_url":"https:\/\/www.epmm.ch\/en\/our-teachers\/roberta-michela\/","og_site_name":"ECOLE DE PIANO MICHEL MULLER","article_modified_time":"2025-05-09T12:44:40+00:00","og_image":[{"width":964,"height":1117,"url":"https:\/\/www.epmm.ch\/wp-content\/uploads\/2024\/08\/Photo-Roberta-Michela_portrait_1.jpg","type":"image\/jpeg"}],"twitter_card":"summary_large_image","twitter_misc":{"Est. reading time":"2 minutes"},"schema":{"@context":"https:\/\/schema.org","@graph":[{"@type":"WebPage","@id":"https:\/\/www.epmm.ch\/en\/our-teachers\/roberta-michela\/","url":"https:\/\/www.epmm.ch\/en\/our-teachers\/roberta-michela\/","name":"Roberta Michela - ECOLE DE PIANO MICHEL MULLER","isPartOf":{"@id":"https:\/\/www.epmm.ch\/#website"},"primaryImageOfPage":{"@id":"https:\/\/www.epmm.ch\/en\/our-teachers\/roberta-michela\/#primaryimage"},"image":{"@id":"https:\/\/www.epmm.ch\/en\/our-teachers\/roberta-michela\/#primaryimage"},"thumbnailUrl":"https:\/\/www.epmm.ch\/wp-content\/uploads\/2024\/08\/Photo-Roberta-Michela_portrait_1.jpg","datePublished":"2024-08-24T16:58:00+00:00","dateModified":"2025-05-09T12:44:40+00:00","breadcrumb":{"@id":"https:\/\/www.epmm.ch\/en\/our-teachers\/roberta-michela\/#breadcrumb"},"inLanguage":"en-US","potentialAction":[{"@type":"ReadAction","target":["https:\/\/www.epmm.ch\/en\/our-teachers\/roberta-michela\/"]}]},{"@type":"ImageObject","inLanguage":"en-US","@id":"https:\/\/www.epmm.ch\/en\/our-teachers\/roberta-michela\/#primaryimage","url":"https:\/\/www.epmm.ch\/wp-content\/uploads\/2024\/08\/Photo-Roberta-Michela_portrait_1.jpg","contentUrl":"https:\/\/www.epmm.ch\/wp-content\/uploads\/2024\/08\/Photo-Roberta-Michela_portrait_1.jpg","width":964,"height":1117},{"@type":"BreadcrumbList","@id":"https:\/\/www.epmm.ch\/en\/our-teachers\/roberta-michela\/#breadcrumb","itemListElement":[{"@type":"ListItem","position":1,"name":"Accueil","item":"https:\/\/www.epmm.ch\/en\/"},{"@type":"ListItem","position":2,"name":"Our Teachers","item":"https:\/\/www.epmm.ch\/en\/our-teachers\/"},{"@type":"ListItem","position":3,"name":"Roberta Michela"}]},{"@type":"WebSite","@id":"https:\/\/www.epmm.ch\/#website","url":"https:\/\/www.epmm.ch\/","name":"ECOLE DE PIANO MICHEL MULLER","description":"","publisher":{"@id":"https:\/\/www.epmm.ch\/#organization"},"potentialAction":[{"@type":"SearchAction","target":{"@type":"EntryPoint","urlTemplate":"https:\/\/www.epmm.ch\/?s={search_term_string}"},"query-input":{"@type":"PropertyValueSpecification","valueRequired":true,"valueName":"search_term_string"}}],"inLanguage":"en-US"},{"@type":"Organization","@id":"https:\/\/www.epmm.ch\/#organization","name":"ECOLE DE PIANO MICHEL MULLER","url":"https:\/\/www.epmm.ch\/","logo":{"@type":"ImageObject","inLanguage":"en-US","@id":"https:\/\/www.epmm.ch\/#\/schema\/logo\/image\/","url":"https:\/\/www.epmm.ch\/wp-content\/uploads\/2022\/08\/EPMM_logo_contour_0_75_1000.jpg","contentUrl":"https:\/\/www.epmm.ch\/wp-content\/uploads\/2022\/08\/EPMM_logo_contour_0_75_1000.jpg","width":1000,"height":269,"caption":"ECOLE DE PIANO MICHEL MULLER"},"image":{"@id":"https:\/\/www.epmm.ch\/#\/schema\/logo\/image\/"}}]}},"_links":{"self":[{"href":"https:\/\/www.epmm.ch\/en\/wp-json\/wp\/v2\/pages\/3569","targetHints":{"allow":["GET"]}}],"collection":[{"href":"https:\/\/www.epmm.ch\/en\/wp-json\/wp\/v2\/pages"}],"about":[{"href":"https:\/\/www.epmm.ch\/en\/wp-json\/wp\/v2\/types\/page"}],"author":[{"embeddable":true,"href":"https:\/\/www.epmm.ch\/en\/wp-json\/wp\/v2\/users\/1"}],"replies":[{"embeddable":true,"href":"https:\/\/www.epmm.ch\/en\/wp-json\/wp\/v2\/comments?post=3569"}],"version-history":[{"count":1,"href":"https:\/\/www.epmm.ch\/en\/wp-json\/wp\/v2\/pages\/3569\/revisions"}],"predecessor-version":[{"id":3575,"href":"https:\/\/www.epmm.ch\/en\/wp-json\/wp\/v2\/pages\/3569\/revisions\/3575"}],"up":[{"embeddable":true,"href":"https:\/\/www.epmm.ch\/en\/wp-json\/wp\/v2\/pages\/3580"}],"wp:featuredmedia":[{"embeddable":true,"href":"https:\/\/www.epmm.ch\/en\/wp-json\/wp\/v2\/media\/3370"}],"wp:attachment":[{"href":"https:\/\/www.epmm.ch\/en\/wp-json\/wp\/v2\/media?parent=3569"}],"curies":[{"name":"wp","href":"https:\/\/api.w.org\/{rel}","templated":true}]}}