{"id":3568,"date":"2024-11-06T14:58:05","date_gmt":"2024-11-06T13:58:05","guid":{"rendered":"https:\/\/www.epmm.ch\/vitor-zendron-da-cunha\/"},"modified":"2025-05-09T14:44:54","modified_gmt":"2025-05-09T12:44:54","slug":"vitor-zendron-da-cunha","status":"publish","type":"page","link":"https:\/\/www.epmm.ch\/en\/our-teachers\/vitor-zendron-da-cunha\/","title":{"rendered":"Vitor Zendron Da Cunha"},"content":{"rendered":"<div class=\"wpb-content-wrapper\"><p>[vc_row][vc_column]<div class=\"columns_wrap sc_columns columns_nofluid sc_columns_count_2 margin_bottom_huge\"><div class=\"column-1_2 sc_column_item sc_column_item_1 odd first\"><figure class=\"sc_image  sc_image_shape_square\"><img decoding=\"async\" src=\"https:\/\/www.epmm.ch\/wp-content\/uploads\/2024\/11\/vitor_zendron_3.jpg\" alt=\"\" \/><\/figure>[vc_empty_space]<video class=\"sc_video\" src=\"https:\/\/youtube.com\/embed\/nEYM19-hJfE\" width=\"100%\" height=\"\" data-width=\"100%\" data-height=\"\" data-ratio=\"16:9\" poster=\"https:\/\/i1.ytimg.com\/vi\/nEYM19-hJfE\/0.jpg\" data-image=\"https:\/\/i1.ytimg.com\/vi\/nEYM19-hJfE\/0.jpg\" style=\"width:100%;\" controls=\"controls\" loop=\"loop\"><\/video><div class=\"sc_line sc_line_position_center_center sc_line_style_solid\" style=\"border-top-style:solid;\"><\/div><div class=\"sc_section\" data-animation=\"animated fadeInUp normal\"><div class=\"sc_section_inner\"><div class=\"sc_section_content_wrap\"><h1 class=\"sc_title sc_title_regular margin_top_null margin_bottom_small\">Courses Offered<\/h1><ul class=\"sc_list sc_list_style_iconed right_list margin_bottom_null\" style=\"color:#333745;\" data-animation=\"animated fadeInUp normal\"><li class=\"sc_list_item odd first\" title=\"Piano\"><span class=\"sc_list_icon icon-ok-circle\" style=\"color:#333745;\"><\/span>Piano (children, teenagers, adults)<\/li><\/ul><\/div><\/div><\/div><\/div><div class=\"column-1_2 sc_column_item sc_column_item_2 even\"><h1 class=\"sc_title sc_title_regular margin_top_null\">Vitor Zendron Da Cunha<\/h1>[vc_column_text]Born in 1997, Vitor Zendron da Cunha took his first piano lesson at the age of eight. Between 2008 and 2015, he studied at the Carlos Gomes Conservatory in Blumenau (Brazil) and took part in the main festivals of Latin America. He continued his education at the Hochschule f\u00fcr Musik in Karlsruhe under Sontraud Speidel, where he earned his Bachelor&#8217;s degree in 2020 and participated in masterclasses with artists such as Klaus Hellwig and Cyprien Katsaris. From 2020 to 2022, he studied at the Haute \u00c9cole de Musique in Lausanne.<\/p>\n<p><img loading=\"lazy\" decoding=\"async\" class=\"alignright wp-image-3504 size-medium\" src=\"https:\/\/www.epmm.ch\/wp-content\/uploads\/2024\/11\/vitor_zendron_2_gpx-215x300.jpg\" alt=\"\" width=\"215\" height=\"300\" srcset=\"https:\/\/www.epmm.ch\/wp-content\/uploads\/2024\/11\/vitor_zendron_2_gpx-215x300.jpg 215w, https:\/\/www.epmm.ch\/wp-content\/uploads\/2024\/11\/vitor_zendron_2_gpx-600x837.jpg 600w, https:\/\/www.epmm.ch\/wp-content\/uploads\/2024\/11\/vitor_zendron_2_gpx-734x1024.jpg 734w, https:\/\/www.epmm.ch\/wp-content\/uploads\/2024\/11\/vitor_zendron_2_gpx-768x1072.jpg 768w, https:\/\/www.epmm.ch\/wp-content\/uploads\/2024\/11\/vitor_zendron_2_gpx.jpg 1075w\" sizes=\"auto, (max-width: 215px) 100vw, 215px\" \/>Vitor won first prize at the Edna Habith National Competition and the Federico Chopin Piano Competition (Peru) in 2013. In 2015, he was a finalist in the Prel\u00fadio competition, broadcast on Brazilian national television. In 2019, he received the &#8220;Gerold Joachim F\u00f6rderpreis&#8221; in Germany, and in 2022 the &#8220;Prix Mireille Klemm&#8221; awarded by the Geneva Chopin Society. He has performed in prestigious venues such as the Sala S\u00e3o Paulo, the Gran Teatro Nacional de Lima, and the Warsaw Music Society, and has collaborated with conductors such as J\u00falio Medaglia, Kevin Griffiths, and Pierre-St\u00e9phane Meug\u00e9.<\/p>\n<p>He is currently enrolled in the Soloist Master\u2019s program at the Haute \u00c9cole de Musique de Gen\u00e8ve in the class of Ricardo Castro. Vitor has also studied orchestral conducting from the keyboard at the Scuola di Musica in Fiesole (Italy). He regularly gives solo and chamber music recitals in Brazil and Switzerland.[\/vc_column_text]<div class=\"sc_line sc_line_position_center_center sc_line_style_solid\" style=\"border-top-style:solid;\"><\/div><\/div><\/div>[\/vc_column][\/vc_row]<\/p>\n<\/div>","protected":false},"excerpt":{"rendered":"<p>[vc_row][vc_column][\/vc_column][\/vc_row]<\/p>\n","protected":false},"author":1,"featured_media":0,"parent":3580,"menu_order":0,"comment_status":"closed","ping_status":"closed","template":"","meta":{"cybocfi_hide_featured_image":"","footnotes":""},"class_list":["post-3568","page","type-page","status-publish","hentry"],"yoast_head":"<!-- This site is optimized with the Yoast SEO Premium plugin v19.2.1 (Yoast SEO v26.6) - https:\/\/yoast.com\/wordpress\/plugins\/seo\/ -->\n<title>Vitor Zendron Da Cunha - ECOLE DE PIANO MICHEL MULLER<\/title>\n<meta name=\"robots\" content=\"index, follow, max-snippet:-1, max-image-preview:large, max-video-preview:-1\" \/>\n<link rel=\"canonical\" href=\"https:\/\/www.epmm.ch\/en\/our-teachers\/vitor-zendron-da-cunha\/\" \/>\n<meta property=\"og:locale\" content=\"en_US\" \/>\n<meta property=\"og:type\" content=\"article\" \/>\n<meta property=\"og:title\" content=\"Vitor Zendron Da Cunha\" \/>\n<meta property=\"og:description\" content=\"[vc_row][vc_column][\/vc_column][\/vc_row]\" \/>\n<meta property=\"og:url\" content=\"https:\/\/www.epmm.ch\/en\/our-teachers\/vitor-zendron-da-cunha\/\" \/>\n<meta property=\"og:site_name\" content=\"ECOLE DE PIANO MICHEL MULLER\" \/>\n<meta property=\"article:modified_time\" content=\"2025-05-09T12:44:54+00:00\" \/>\n<meta property=\"og:image\" content=\"https:\/\/www.epmm.ch\/wp-content\/uploads\/2024\/11\/vitor_zendron_2_gpx-215x300.jpg\" \/>\n<meta name=\"twitter:card\" content=\"summary_large_image\" \/>\n<meta name=\"twitter:label1\" content=\"Est. reading time\" \/>\n\t<meta name=\"twitter:data1\" content=\"2 minutes\" \/>\n<script type=\"application\/ld+json\" class=\"yoast-schema-graph\">{\"@context\":\"https:\/\/schema.org\",\"@graph\":[{\"@type\":\"WebPage\",\"@id\":\"https:\/\/www.epmm.ch\/en\/our-teachers\/vitor-zendron-da-cunha\/\",\"url\":\"https:\/\/www.epmm.ch\/en\/our-teachers\/vitor-zendron-da-cunha\/\",\"name\":\"Vitor Zendron Da Cunha - ECOLE DE PIANO MICHEL MULLER\",\"isPartOf\":{\"@id\":\"https:\/\/www.epmm.ch\/#website\"},\"primaryImageOfPage\":{\"@id\":\"https:\/\/www.epmm.ch\/en\/our-teachers\/vitor-zendron-da-cunha\/#primaryimage\"},\"image\":{\"@id\":\"https:\/\/www.epmm.ch\/en\/our-teachers\/vitor-zendron-da-cunha\/#primaryimage\"},\"thumbnailUrl\":\"https:\/\/www.epmm.ch\/wp-content\/uploads\/2024\/11\/vitor_zendron_2_gpx-215x300.jpg\",\"datePublished\":\"2024-11-06T13:58:05+00:00\",\"dateModified\":\"2025-05-09T12:44:54+00:00\",\"breadcrumb\":{\"@id\":\"https:\/\/www.epmm.ch\/en\/our-teachers\/vitor-zendron-da-cunha\/#breadcrumb\"},\"inLanguage\":\"en-US\",\"potentialAction\":[{\"@type\":\"ReadAction\",\"target\":[\"https:\/\/www.epmm.ch\/en\/our-teachers\/vitor-zendron-da-cunha\/\"]}]},{\"@type\":\"ImageObject\",\"inLanguage\":\"en-US\",\"@id\":\"https:\/\/www.epmm.ch\/en\/our-teachers\/vitor-zendron-da-cunha\/#primaryimage\",\"url\":\"https:\/\/www.epmm.ch\/wp-content\/uploads\/2024\/11\/vitor_zendron_2_gpx-215x300.jpg\",\"contentUrl\":\"https:\/\/www.epmm.ch\/wp-content\/uploads\/2024\/11\/vitor_zendron_2_gpx-215x300.jpg\"},{\"@type\":\"BreadcrumbList\",\"@id\":\"https:\/\/www.epmm.ch\/en\/our-teachers\/vitor-zendron-da-cunha\/#breadcrumb\",\"itemListElement\":[{\"@type\":\"ListItem\",\"position\":1,\"name\":\"Accueil\",\"item\":\"https:\/\/www.epmm.ch\/en\/\"},{\"@type\":\"ListItem\",\"position\":2,\"name\":\"Our Teachers\",\"item\":\"https:\/\/www.epmm.ch\/en\/our-teachers\/\"},{\"@type\":\"ListItem\",\"position\":3,\"name\":\"Vitor Zendron Da Cunha\"}]},{\"@type\":\"WebSite\",\"@id\":\"https:\/\/www.epmm.ch\/#website\",\"url\":\"https:\/\/www.epmm.ch\/\",\"name\":\"ECOLE DE PIANO MICHEL MULLER\",\"description\":\"\",\"publisher\":{\"@id\":\"https:\/\/www.epmm.ch\/#organization\"},\"potentialAction\":[{\"@type\":\"SearchAction\",\"target\":{\"@type\":\"EntryPoint\",\"urlTemplate\":\"https:\/\/www.epmm.ch\/?s={search_term_string}\"},\"query-input\":{\"@type\":\"PropertyValueSpecification\",\"valueRequired\":true,\"valueName\":\"search_term_string\"}}],\"inLanguage\":\"en-US\"},{\"@type\":\"Organization\",\"@id\":\"https:\/\/www.epmm.ch\/#organization\",\"name\":\"ECOLE DE PIANO MICHEL MULLER\",\"url\":\"https:\/\/www.epmm.ch\/\",\"logo\":{\"@type\":\"ImageObject\",\"inLanguage\":\"en-US\",\"@id\":\"https:\/\/www.epmm.ch\/#\/schema\/logo\/image\/\",\"url\":\"https:\/\/www.epmm.ch\/wp-content\/uploads\/2022\/08\/EPMM_logo_contour_0_75_1000.jpg\",\"contentUrl\":\"https:\/\/www.epmm.ch\/wp-content\/uploads\/2022\/08\/EPMM_logo_contour_0_75_1000.jpg\",\"width\":1000,\"height\":269,\"caption\":\"ECOLE DE PIANO MICHEL MULLER\"},\"image\":{\"@id\":\"https:\/\/www.epmm.ch\/#\/schema\/logo\/image\/\"}}]}<\/script>\n<!-- \/ Yoast SEO Premium plugin. -->","yoast_head_json":{"title":"Vitor Zendron Da Cunha - ECOLE DE PIANO MICHEL MULLER","robots":{"index":"index","follow":"follow","max-snippet":"max-snippet:-1","max-image-preview":"max-image-preview:large","max-video-preview":"max-video-preview:-1"},"canonical":"https:\/\/www.epmm.ch\/en\/our-teachers\/vitor-zendron-da-cunha\/","og_locale":"en_US","og_type":"article","og_title":"Vitor Zendron Da Cunha","og_description":"[vc_row][vc_column][\/vc_column][\/vc_row]","og_url":"https:\/\/www.epmm.ch\/en\/our-teachers\/vitor-zendron-da-cunha\/","og_site_name":"ECOLE DE PIANO MICHEL MULLER","article_modified_time":"2025-05-09T12:44:54+00:00","og_image":[{"url":"https:\/\/www.epmm.ch\/wp-content\/uploads\/2024\/11\/vitor_zendron_2_gpx-215x300.jpg","type":"","width":"","height":""}],"twitter_card":"summary_large_image","twitter_misc":{"Est. reading time":"2 minutes"},"schema":{"@context":"https:\/\/schema.org","@graph":[{"@type":"WebPage","@id":"https:\/\/www.epmm.ch\/en\/our-teachers\/vitor-zendron-da-cunha\/","url":"https:\/\/www.epmm.ch\/en\/our-teachers\/vitor-zendron-da-cunha\/","name":"Vitor Zendron Da Cunha - ECOLE DE PIANO MICHEL MULLER","isPartOf":{"@id":"https:\/\/www.epmm.ch\/#website"},"primaryImageOfPage":{"@id":"https:\/\/www.epmm.ch\/en\/our-teachers\/vitor-zendron-da-cunha\/#primaryimage"},"image":{"@id":"https:\/\/www.epmm.ch\/en\/our-teachers\/vitor-zendron-da-cunha\/#primaryimage"},"thumbnailUrl":"https:\/\/www.epmm.ch\/wp-content\/uploads\/2024\/11\/vitor_zendron_2_gpx-215x300.jpg","datePublished":"2024-11-06T13:58:05+00:00","dateModified":"2025-05-09T12:44:54+00:00","breadcrumb":{"@id":"https:\/\/www.epmm.ch\/en\/our-teachers\/vitor-zendron-da-cunha\/#breadcrumb"},"inLanguage":"en-US","potentialAction":[{"@type":"ReadAction","target":["https:\/\/www.epmm.ch\/en\/our-teachers\/vitor-zendron-da-cunha\/"]}]},{"@type":"ImageObject","inLanguage":"en-US","@id":"https:\/\/www.epmm.ch\/en\/our-teachers\/vitor-zendron-da-cunha\/#primaryimage","url":"https:\/\/www.epmm.ch\/wp-content\/uploads\/2024\/11\/vitor_zendron_2_gpx-215x300.jpg","contentUrl":"https:\/\/www.epmm.ch\/wp-content\/uploads\/2024\/11\/vitor_zendron_2_gpx-215x300.jpg"},{"@type":"BreadcrumbList","@id":"https:\/\/www.epmm.ch\/en\/our-teachers\/vitor-zendron-da-cunha\/#breadcrumb","itemListElement":[{"@type":"ListItem","position":1,"name":"Accueil","item":"https:\/\/www.epmm.ch\/en\/"},{"@type":"ListItem","position":2,"name":"Our Teachers","item":"https:\/\/www.epmm.ch\/en\/our-teachers\/"},{"@type":"ListItem","position":3,"name":"Vitor Zendron Da Cunha"}]},{"@type":"WebSite","@id":"https:\/\/www.epmm.ch\/#website","url":"https:\/\/www.epmm.ch\/","name":"ECOLE DE PIANO MICHEL MULLER","description":"","publisher":{"@id":"https:\/\/www.epmm.ch\/#organization"},"potentialAction":[{"@type":"SearchAction","target":{"@type":"EntryPoint","urlTemplate":"https:\/\/www.epmm.ch\/?s={search_term_string}"},"query-input":{"@type":"PropertyValueSpecification","valueRequired":true,"valueName":"search_term_string"}}],"inLanguage":"en-US"},{"@type":"Organization","@id":"https:\/\/www.epmm.ch\/#organization","name":"ECOLE DE PIANO MICHEL MULLER","url":"https:\/\/www.epmm.ch\/","logo":{"@type":"ImageObject","inLanguage":"en-US","@id":"https:\/\/www.epmm.ch\/#\/schema\/logo\/image\/","url":"https:\/\/www.epmm.ch\/wp-content\/uploads\/2022\/08\/EPMM_logo_contour_0_75_1000.jpg","contentUrl":"https:\/\/www.epmm.ch\/wp-content\/uploads\/2022\/08\/EPMM_logo_contour_0_75_1000.jpg","width":1000,"height":269,"caption":"ECOLE DE PIANO MICHEL MULLER"},"image":{"@id":"https:\/\/www.epmm.ch\/#\/schema\/logo\/image\/"}}]}},"_links":{"self":[{"href":"https:\/\/www.epmm.ch\/en\/wp-json\/wp\/v2\/pages\/3568","targetHints":{"allow":["GET"]}}],"collection":[{"href":"https:\/\/www.epmm.ch\/en\/wp-json\/wp\/v2\/pages"}],"about":[{"href":"https:\/\/www.epmm.ch\/en\/wp-json\/wp\/v2\/types\/page"}],"author":[{"embeddable":true,"href":"https:\/\/www.epmm.ch\/en\/wp-json\/wp\/v2\/users\/1"}],"replies":[{"embeddable":true,"href":"https:\/\/www.epmm.ch\/en\/wp-json\/wp\/v2\/comments?post=3568"}],"version-history":[{"count":2,"href":"https:\/\/www.epmm.ch\/en\/wp-json\/wp\/v2\/pages\/3568\/revisions"}],"predecessor-version":[{"id":3574,"href":"https:\/\/www.epmm.ch\/en\/wp-json\/wp\/v2\/pages\/3568\/revisions\/3574"}],"up":[{"embeddable":true,"href":"https:\/\/www.epmm.ch\/en\/wp-json\/wp\/v2\/pages\/3580"}],"wp:attachment":[{"href":"https:\/\/www.epmm.ch\/en\/wp-json\/wp\/v2\/media?parent=3568"}],"curies":[{"name":"wp","href":"https:\/\/api.w.org\/{rel}","templated":true}]}}